{"id":69,"date":"2024-07-27T13:09:24","date_gmt":"2024-07-27T13:09:24","guid":{"rendered":"https:\/\/www.revut-univ-toamasina.com\/?page_id=69"},"modified":"2024-08-05T16:15:41","modified_gmt":"2024-08-05T16:15:41","slug":"accueil","status":"publish","type":"page","link":"https:\/\/www.revut-univ-toamasina.com\/","title":{"rendered":"Accueil"},"content":{"rendered":"\n<marquee behavior=\"scroll\" direction=\"left\">Une Universit\u00e9 sans (Ma\u00eetres de) Conf\u00e9rences est comme un terrain infertile non entretenu (par son propri\u00e9taire)\nThe University of Toamasina Has Choosen To Publish, Not To Perish &#8212;&#8212;- REVUT Vendredi-Conf est une manifestation scientifique mensuelle de 90 mn, organis\u00e9e par l\u2019Universit\u00e9 de Toamasina (U-A) \u00e0 travers son Conseil des Professeurs, sous la coordination scientifique de Prof. Rakotomavo Andriamparany, et en partenariat avec REVUT Scientific Journal.\n<\/marquee>\n\n<p class=\"has-medium-font-size\">REVUT ou \u00ab&nbsp;<strong>R<\/strong>\u00e9sultat&nbsp;<strong>E<\/strong>t&nbsp;<strong>V<\/strong>isibilit\u00e9 de l\u2019<strong>U<\/strong>niversit\u00e9 de&nbsp;<strong>T<\/strong>oamasina&nbsp;\u00bb est un journal scientifique \u00e0 comit\u00e9 de lecture \u00e9dit\u00e9 1-2 fois par an par l\u2019Universit\u00e9 de Toamasina&nbsp;<em>via<\/em>&nbsp;son D\u00e9partement \u00ab&nbsp;Coordination de la Revue et du Conseil des Professeurs&nbsp;\u00bb. La revue publie, soit en fran\u00e7ais (avec r\u00e9sum\u00e9 en anglais), soit en anglais (avec r\u00e9sum\u00e9 en fran\u00e7ais), les r\u00e9sultats de recherche originaux ax\u00e9s sur les domaines, th\u00e9matiques et th\u00e8mes (non exhaustifs) ci-apr\u00e8s:<\/p>\n\n\n\n<ul class=\"wp-block-list\">\n<li class=\"has-medium-font-size\">MEDECINE HUMAINE&nbsp;: Sant\u00e9 publique, Epid\u00e9miologie, Chirurgie, M\u00e9decine hospitali\u00e8re, \u2026<\/li>\n\n\n\n<li class=\"has-medium-font-size\">LETTRES ET SCIENCES HUMAINES&nbsp;: Anthropologie, Litt\u00e9rature, Histoire, G\u00e9ographie, Langues et civilisations, \u2026<\/li>\n\n\n\n<li class=\"has-medium-font-size\">SCIENCES DE LA VIE ET DE TERRE&nbsp;: Biodiversit\u00e9, Environnement et D\u00e9veloppement Durable, Conservation, \u2026<\/li>\n\n\n\n<li class=\"has-medium-font-size\">SCIENCES ET TECHNOLOGIE&nbsp;: Informatique, Techniques de l\u2019information, Math\u00e9matiques appliqu\u00e9es, Agro-management, Agro-business, \u2026<\/li>\n\n\n\n<li class=\"has-medium-font-size\">DROIT, GESTION ET ECONOMIE&nbsp;: Marketing, Macro\u00e9conomie, Micro\u00e9conomie, Comptabilit\u00e9, Droit constitutionnel, Diplomatie internationale, Economie internationale, \u2026<\/li>\n<\/ul>\n","protected":false},"excerpt":{"rendered":"<p>Une Universit\u00e9 sans (Ma\u00eetres de) Conf\u00e9rences est comme un terrain infertile non entretenu (par son propri\u00e9taire) The University of Toamasina Has Choosen To Publish, Not To Perish &#8212;&#8212;- REVUT Vendredi-Conf est une&#46;&#46;&#46;<\/p>\n","protected":false},"author":1,"featured_media":0,"parent":0,"menu_order":0,"comment_status":"closed","ping_status":"closed","template":"","meta":{"footnotes":""},"class_list":["post-69","page","type-page","status-publish","hentry"],"_links":{"self":[{"href":"https:\/\/www.revut-univ-toamasina.com\/index.php?rest_route=\/wp\/v2\/pages\/69","targetHints":{"allow":["GET"]}}],"collection":[{"href":"https:\/\/www.revut-univ-toamasina.com\/index.php?rest_route=\/wp\/v2\/pages"}],"about":[{"href":"https:\/\/www.revut-univ-toamasina.com\/index.php?rest_route=\/wp\/v2\/types\/page"}],"author":[{"embeddable":true,"href":"https:\/\/www.revut-univ-toamasina.com\/index.php?rest_route=\/wp\/v2\/users\/1"}],"replies":[{"embeddable":true,"href":"https:\/\/www.revut-univ-toamasina.com\/index.php?rest_route=%2Fwp%2Fv2%2Fcomments&post=69"}],"version-history":[{"count":10,"href":"https:\/\/www.revut-univ-toamasina.com\/index.php?rest_route=\/wp\/v2\/pages\/69\/revisions"}],"predecessor-version":[{"id":131,"href":"https:\/\/www.revut-univ-toamasina.com\/index.php?rest_route=\/wp\/v2\/pages\/69\/revisions\/131"}],"wp:attachment":[{"href":"https:\/\/www.revut-univ-toamasina.com\/index.php?rest_route=%2Fwp%2Fv2%2Fmedia&parent=69"}],"curies":[{"name":"wp","href":"https:\/\/api.w.org\/{rel}","templated":true}]}}