{"id":21,"date":"2024-07-27T08:57:18","date_gmt":"2024-07-27T08:57:18","guid":{"rendered":"https:\/\/www.revut-univ-toamasina.com\/?page_id=21"},"modified":"2024-07-27T10:47:05","modified_gmt":"2024-07-27T10:47:05","slug":"instructions-aux-reviewers","status":"publish","type":"page","link":"https:\/\/www.revut-univ-toamasina.com\/?page_id=21","title":{"rendered":"Instructions aux reviewers"},"content":{"rendered":"\n<p>Tout manuscrit doit syst\u00e9matiquement faire l\u2019objet d\u2019\u00e9valuation par au moins deux <em>reviewers<\/em> avant d\u2019\u00eatre accept\u00e9 pour publication dans REVUT. Un num\u00e9ro d\u2019enregistrement est attribu\u00e9 \u00e0 chaque manuscrit re\u00e7u au niveau de l\u2019\u00e9quipe \u00e9ditoriale&nbsp;; ce num\u00e9ro remplace provisoirement les noms et coordonn\u00e9s des auteurs de mani\u00e8re ce que leur identit\u00e9 ne soit d\u00e9voil\u00e9e aux <em>reviewers<\/em> pendant leur \u00e9valuation.<\/p>\n\n\n\n<p>Lors du choix des <em>reviewers<\/em> d\u2019un manuscrit quelconque, l\u2019<em>Editor in Chief<\/em> veillera \u00e0 ce qu\u2019aucun conflit d\u2019int\u00e9r\u00eat n\u2019existe entre les auteurs et l\u2019\u00e9valuateur. Le <em>reviewer<\/em> doit aviser l\u2019<em>Editor in Chief<\/em> en cas de conflit d\u2019int\u00e9r\u00eat, devant refuser en cons\u00e9quence l\u2019\u00e9valuation du manuscrit qui lui est propos\u00e9.<\/p>\n\n\n\n<p>Le <em>reviewer<\/em> doit agir en toute objectivit\u00e9 scientifique lors d\u2019une \u00e9valuation. Pour cela, voici les principaux crit\u00e8res auxquels il basera ses analyses&nbsp;:<\/p>\n\n\n\n<ul class=\"wp-block-list\">\n<li>Conformit\u00e9 du manuscrit avec la politique \u00e9ditoriale de REVUT<\/li>\n\n\n\n<li>Originalit\u00e9 et pertinence du manuscrit<\/li>\n\n\n\n<li>Fiabilit\u00e9 scientifique des m\u00e9thodes utilis\u00e9es<\/li>\n\n\n\n<li>Clart\u00e9 et bri\u00e8vet\u00e9 des r\u00e9sultats et discussions avanc\u00e9s dans le manuscrit<\/li>\n\n\n\n<li>Pertinence de la conclusion et\/ou des recommandations avanc\u00e9es<\/li>\n\n\n\n<li>Qualit\u00e9 r\u00e9dactionnelle du manuscrit<\/li>\n<\/ul>\n\n\n\n<p>A l\u2019issue d\u2019une \u00e9valuation, le <em>reviewer<\/em> donne son avis technique en choisissant entre les quatre types de d\u00e9cision suivants&nbsp;:<\/p>\n\n\n\n<ul class=\"wp-block-list\">\n<li>Manuscrit accept\u00e9 tel quel sans aucune r\u00e9vision<\/li>\n\n\n\n<li>Manuscrit accept\u00e9 mais avec des r\u00e9visions mineures (quelques probl\u00e8mes de formes \u00e0 corriger)<\/li>\n\n\n\n<li>Manuscrit n\u00e9cessitant des r\u00e9visions majeures (des probl\u00e8mes de formes et de fonds \u00e0 revoir)<\/li>\n\n\n\n<li>Manuscrit refus\u00e9<\/li>\n<\/ul>\n\n\n\n<p>Pendant la p\u00e9riode de l\u2019\u00e9valuation, le <em>reviewer<\/em> est cens\u00e9 ne pas correspondre avec les auteurs du manuscrit, et <em>vice versa<\/em>. C\u2019est l\u2019\u00e9quipe \u00e9ditoriale qui se chargera de la synth\u00e8se des commentaires \u00e9manant des <em>reviewers<\/em>, ainsi que de l\u2019envoi des diff\u00e9rentes notifications et commentaires aux auteurs.<\/p>\n","protected":false},"excerpt":{"rendered":"<p>Tout manuscrit doit syst\u00e9matiquement faire l\u2019objet d\u2019\u00e9valuation par au moins deux reviewers avant d\u2019\u00eatre accept\u00e9 pour publication dans REVUT. Un num\u00e9ro d\u2019enregistrement est attribu\u00e9 \u00e0 chaque manuscrit re\u00e7u au niveau de l\u2019\u00e9quipe&#46;&#46;&#46;<\/p>\n","protected":false},"author":1,"featured_media":0,"parent":0,"menu_order":0,"comment_status":"closed","ping_status":"closed","template":"","meta":{"footnotes":""},"class_list":["post-21","page","type-page","status-publish","hentry"],"_links":{"self":[{"href":"https:\/\/www.revut-univ-toamasina.com\/index.php?rest_route=\/wp\/v2\/pages\/21","targetHints":{"allow":["GET"]}}],"collection":[{"href":"https:\/\/www.revut-univ-toamasina.com\/index.php?rest_route=\/wp\/v2\/pages"}],"about":[{"href":"https:\/\/www.revut-univ-toamasina.com\/index.php?rest_route=\/wp\/v2\/types\/page"}],"author":[{"embeddable":true,"href":"https:\/\/www.revut-univ-toamasina.com\/index.php?rest_route=\/wp\/v2\/users\/1"}],"replies":[{"embeddable":true,"href":"https:\/\/www.revut-univ-toamasina.com\/index.php?rest_route=%2Fwp%2Fv2%2Fcomments&post=21"}],"version-history":[{"count":2,"href":"https:\/\/www.revut-univ-toamasina.com\/index.php?rest_route=\/wp\/v2\/pages\/21\/revisions"}],"predecessor-version":[{"id":43,"href":"https:\/\/www.revut-univ-toamasina.com\/index.php?rest_route=\/wp\/v2\/pages\/21\/revisions\/43"}],"wp:attachment":[{"href":"https:\/\/www.revut-univ-toamasina.com\/index.php?rest_route=%2Fwp%2Fv2%2Fmedia&parent=21"}],"curies":[{"name":"wp","href":"https:\/\/api.w.org\/{rel}","templated":true}]}}