{"id":20,"date":"2024-07-27T08:57:17","date_gmt":"2024-07-27T08:57:17","guid":{"rendered":"https:\/\/www.revut-univ-toamasina.com\/?page_id=20"},"modified":"2024-07-27T10:42:51","modified_gmt":"2024-07-27T10:42:51","slug":"instructions-aux-auteurs","status":"publish","type":"page","link":"https:\/\/www.revut-univ-toamasina.com\/?page_id=20","title":{"rendered":"Instructions aux auteurs"},"content":{"rendered":"\n<p>Le manuscrit doit comprendre les diff\u00e9rentes subdivisions ci-apr\u00e8s, selon l\u2019ordre propos\u00e9&nbsp;:<\/p>\n\n\n\n<ul class=\"wp-block-list\">\n<li>Titre du manuscrit\u00a0: 12 mots au maximum (Minuscule, Times New Romans 14, alignement centr\u00e9)<\/li>\n\n\n\n<li>Nom(s) et pr\u00e9nom(s) de l\u2019auteur; premier auteur \u00e0 citer en premier en cas de plusieurs auteurs (Nom en majuscule et pr\u00e9nom en minuscule suivis de <strong><sup>1, 2, 3, \u2026<\/sup><\/strong> pour indiquer l\u2019affiliation et l\u2019adresse de la personne en l\u00e9gende, Times New Romans 12, alignement centr\u00e9)<\/li>\n\n\n\n<li>En l\u00e9gende\u00a0: Affiliation et adresse \u00e9lectronique du premier auteur ou du correspondant (Times New Romans 10, italique, alignement gauche, retrait gauche 3 cm<\/li>\n\n\n\n<li>Deux r\u00e9sum\u00e9s, l\u2019un en fran\u00e7ais (R\u00e9sum\u00e9) et l\u2019autre en anglais (Abstract)\u00a0: Max. 250 mots pour compte-rendu\u00a0; 350 mots pour article court\u00a0; 500 mots pour article long. Max. 5 mots cl\u00e9s en italique pour chacun des r\u00e9sum\u00e9s (Minuscule, Times New Romans 12, interligne simple, texte justifi\u00e9, en un seul paragraphe pour chacun des r\u00e9sum\u00e9s et groupes de mots cl\u00e9s)<\/li>\n\n\n\n<li>Texte int\u00e9gral, r\u00e9dig\u00e9 totalement en langues fran\u00e7aise (France) ou anglaise (Grande Bretagne ou USA), selon le plan IMRD int\u00e9grant en son sein et \u00e0 leur emplacement relatif, toutes les illustrations telles que croquis, tableaux, photos, figures,\u2026, pas de notes de bas de page. (Times New Romans 12, espacement avant 6pts, aucun retrait, texte justifi\u00e9, interligne 1,5), Voici le contenu type du plan IMRD\u00a0:<ul><li><strong>Introduction<\/strong>\u00a0: contexte, \u00e9tat des connaissances scientifiques sur le sujet, probl\u00e9matique, objectif, (hypoth\u00e8se)<\/li><\/ul><ul><li><strong>Mat\u00e9riels et m\u00e9thodes<\/strong>\u00a0: site d\u2019\u00e9tude, d\u00e9marche, outils m\u00e9thodologiques<\/li><\/ul><ul><li><strong>R\u00e9sultats<\/strong>\u00a0: r\u00e9sultats issus de la d\u00e9marche utilis\u00e9e (en principe, pas de source), interpr\u00e9tation simple de chaque r\u00e9sultat. Id\u00e9alement, ne pr\u00e9senter que 3-4 groupes de r\u00e9sultats au max.<\/li><\/ul><ul><li><strong>Discussions (et recommandations)<\/strong>\u00a0: comparaison de ses r\u00e9sultats avec ceux des autres auteurs (avec sources), explication des diff\u00e9rences ou ressemblances constat\u00e9es au niveau des diff\u00e9rents r\u00e9sultats (avec sources), recommandations sur les failles constat\u00e9es en termes de r\u00e9sultat ou de m\u00e9thodologie, confirmation ou non des hypoth\u00e8ses \u00e9mises.<\/li><\/ul>\n<ul class=\"wp-block-list\">\n<li><strong>Conclusion (et recommandations)<\/strong>\u00a0: int\u00e9r\u00eats de l\u2019article en termes de recherche et\/ou de d\u00e9veloppement, pertinence des r\u00e9sultats par rapport aux probl\u00e9matiques de d\u00e9veloppement durable, liens entre le sujet et les pr\u00e9occupations actuelles en mati\u00e8re de recherche et\/ou de d\u00e9veloppement, recommandations pour une meilleure consid\u00e9ration des aspects de d\u00e9veloppement dans la recherche entreprise<\/li>\n<\/ul>\n<\/li>\n\n\n\n<li>R\u00e9f\u00e9rences bibliographiques (Times New Roman 10, texte justifi\u00e9, \u00e0 ranger par ordre alphab\u00e9tique, interligne simple, espacement avant 6 pts, retrait de premi\u00e8re ligne suspendu 1,25 pts). Voici les modalit\u00e9s de citation bibliographique \u00e0 adopter\u00a0:<\/li>\n\n\n\n<li><strong><em>Pour un ouvrage<\/em><\/strong><em>\u00a0:<\/em><\/li>\n<\/ul>\n\n\n\n<p>Nom, initiale pr\u00e9nom(s). ann\u00e9e, <em>titre de l&rsquo;ouvrage<\/em>, lieu d&rsquo;\u00e9dition, nom de l&rsquo;\u00e9diteur, collection, nombre de pages.<\/p>\n\n\n\n<p>Exemple&nbsp;: Merenne-Schoumaker, B., 2014. <em>G\u00e9ographie des activit\u00e9s tertiaires,<\/em> Paris, PUF, 228p.<\/p>\n\n\n\n<ul class=\"wp-block-list\">\n<li><strong><em>Pour un article dans une Revue<\/em><\/strong><em>\u00a0:<\/em><\/li>\n<\/ul>\n\n\n\n<p>Nom, initiale pr\u00e9nom(s), ann\u00e9e, titre de l&rsquo;article, <em>nom de la Revue<\/em>, n\u00b0, mois, pages. r\u00e9f\u00e9rence webographique et\/ou DOI.<\/p>\n\n\n\n<p>Exemple&nbsp;: Pauw, J.B., Gericke, N., Daniel Olsson, D. &amp; Berglund, T., 2015. The effectiveness of Education for Sustainable Development. <em>Sustainability<\/em>, 7, 15693-15717, https:\/\/doi.org\/10.3390\/su71115693<\/p>\n\n\n\n<ul class=\"wp-block-list\">\n<li><strong><em>Pour un chapitre d\u2019ouvrage<\/em><\/strong><em>\u00a0:<\/em><\/li>\n<\/ul>\n\n\n\n<p>Exemple&nbsp;: Guillaume H., 2006. Soci\u00e9t\u00e9s, dynamiques de peuplement et mutations des syst\u00e8mes de production traditionnels. <em>in<\/em> GENIN D. et<em> al<\/em>.&nbsp; \u00ab&nbsp;&nbsp;<em>Entre d\u00e9sertification et d\u00e9veloppement, la Jeffara tunisienne&nbsp;\u00bb<\/em>, IRD\/C\u00e9r\u00e8s\/IRA (Ed.), pp. 79-96.<\/p>\n\n\n\n<ul class=\"wp-block-list\">\n<li>Remerciements (facultatifs)\u00a0: deux lignes au max. (Times New Roman 10, texte justifi\u00e9, interligne simple)<\/li>\n<\/ul>\n\n\n\n<p>Remarques&nbsp;:<\/p>\n\n\n\n<ul class=\"wp-block-list\">\n<li>Les auteurs doivent s\u2019assurer qu\u2019ils disposent de tous les droits de reproduction des donn\u00e9es et des illustrations n\u00e9cessaires avant de les ins\u00e9rer dans leur manuscrit<\/li>\n\n\n\n<li>Mod\u00e8les de citation des auteurs dans le <em>corpus<\/em> du texte\u00a0:<ul><li>S\u2019il s\u2019agit d\u2019un seul auteur\u00a0: (Rakoto, 2019)\u00a0;<\/li><\/ul><ul><li>S\u2019il s\u2019agit de deux ateurs\u00a0: (Randria &amp; Rasoa, 2017)\u00a0;<\/li><\/ul>\n<ul class=\"wp-block-list\">\n<li>S\u2019il y a plus de deux auteurs\u00a0: (Rakotondrasoa <em>et al<\/em>., 2016)<\/li>\n<\/ul>\n<\/li>\n\n\n\n<li>Les titres dans le <em>corpus<\/em> du texte sont \u00e0 pr\u00e9senter comme suit (max. 3 niveaux d\u2019hi\u00e9rarchisation)\u00a0:<ul><li><strong>Titre de niveau 1<\/strong><strong> : <\/strong>Times New Romans 14, gras, num\u00e9rot\u00e9 \u00ab\u00a0<strong>1.<\/strong>\u00a0\u00bb<\/li><\/ul><ul><li><strong>Titre de niveau 2<\/strong>\u00a0: Times New Romans 12, gras, normal, num\u00e9rot\u00e9 \u00ab\u00a0<strong>1.1.<\/strong>\u00a0\u00bb<\/li><\/ul>\n<ul class=\"wp-block-list\">\n<li><em>Titre de niveau 3<\/em><strong>\u00a0<\/strong>: Times New Romans 12, en italique, num\u00e9rot\u00e9 \u00ab\u00a0<em>1.1.1.<\/em>\u00a0\u00bb<\/li>\n<\/ul>\n<\/li>\n\n\n\n<li>Les acronymes sont \u00e0 \u00e9crire en lettres capitales, sans point de s\u00e9paration: ONU, UICN, WWF, MBG. Les sigles sont d\u00e9velopp\u00e9s en entier lors de leur premi\u00e8re apparition dans le texte.<\/li>\n<\/ul>\n","protected":false},"excerpt":{"rendered":"<p>Le manuscrit doit comprendre les diff\u00e9rentes subdivisions ci-apr\u00e8s, selon l\u2019ordre propos\u00e9&nbsp;: Nom, initiale pr\u00e9nom(s). ann\u00e9e, titre de l&rsquo;ouvrage, lieu d&rsquo;\u00e9dition, nom de l&rsquo;\u00e9diteur, collection, nombre de pages. Exemple&nbsp;: Merenne-Schoumaker, B., 2014. G\u00e9ographie&#46;&#46;&#46;<\/p>\n","protected":false},"author":1,"featured_media":0,"parent":0,"menu_order":0,"comment_status":"closed","ping_status":"closed","template":"","meta":{"footnotes":""},"class_list":["post-20","page","type-page","status-publish","hentry"],"_links":{"self":[{"href":"https:\/\/www.revut-univ-toamasina.com\/index.php?rest_route=\/wp\/v2\/pages\/20","targetHints":{"allow":["GET"]}}],"collection":[{"href":"https:\/\/www.revut-univ-toamasina.com\/index.php?rest_route=\/wp\/v2\/pages"}],"about":[{"href":"https:\/\/www.revut-univ-toamasina.com\/index.php?rest_route=\/wp\/v2\/types\/page"}],"author":[{"embeddable":true,"href":"https:\/\/www.revut-univ-toamasina.com\/index.php?rest_route=\/wp\/v2\/users\/1"}],"replies":[{"embeddable":true,"href":"https:\/\/www.revut-univ-toamasina.com\/index.php?rest_route=%2Fwp%2Fv2%2Fcomments&post=20"}],"version-history":[{"count":2,"href":"https:\/\/www.revut-univ-toamasina.com\/index.php?rest_route=\/wp\/v2\/pages\/20\/revisions"}],"predecessor-version":[{"id":41,"href":"https:\/\/www.revut-univ-toamasina.com\/index.php?rest_route=\/wp\/v2\/pages\/20\/revisions\/41"}],"wp:attachment":[{"href":"https:\/\/www.revut-univ-toamasina.com\/index.php?rest_route=%2Fwp%2Fv2%2Fmedia&parent=20"}],"curies":[{"name":"wp","href":"https:\/\/api.w.org\/{rel}","templated":true}]}}