{"id":19,"date":"2024-07-27T08:57:17","date_gmt":"2024-07-27T08:57:17","guid":{"rendered":"https:\/\/www.revut-univ-toamasina.com\/?page_id=19"},"modified":"2024-07-27T13:32:32","modified_gmt":"2024-07-27T13:32:32","slug":"comite-scientifique","status":"publish","type":"page","link":"https:\/\/www.revut-univ-toamasina.com\/?page_id=19","title":{"rendered":"Comit\u00e9 Scientifique"},"content":{"rendered":"\n<figure class=\"wp-block-table\"><table class=\"has-fixed-layout\"><tbody><tr><td><strong>NOM<\/strong><\/td><td><strong>DOMAINE DE RECHERCHE<\/strong><\/td><td><strong>SPECIALITE<\/strong><\/td><td><strong>RATTACHEMENT INSTITUTIONNEL<\/strong><\/td><\/tr><tr><td>Prof. RAKOTOMAVO Andriamparany<\/td><td>Science de la Vie et de la Terre<\/td><td>Mangrove, for\u00eat littorale, eaux et for\u00eats, agroforesterie, \u00e9tude d\u2019impact environnemental, d\u00e9veloppement rural, foresterie paysanne, d\u00e9veloppement durable<\/td><td>Universit\u00e9 de Toamasina \u2013 Madagascar<\/td><\/tr><tr><td>Prof. RASOAMANANJARA Jeanne Angelphine<\/td><td>M\u00e9decine humaine et animale<\/td><td>Sant\u00e9 publique, nutrition, odonto-stomatologie<\/td><td>Universit\u00e9 de Mahajanga \u2013 Madagascar<\/td><\/tr><tr><td>Prof. RANARIJAONA Hery Lisy Tiana<\/td><td>Science de la Vie et de la Terre<\/td><td>Biologie v\u00e9g\u00e9tale, plantes, conservation, <em>herbarium<\/em><\/td><td>Point Focal R\u00e9gional de l\u2019Oc\u00e9an Indien &#8211;&nbsp; Sud Expert Plantes D\u00e9veloppement Durable (SEP2D)<\/td><\/tr><tr><td>Prof. RASOLOFOHARINORO<\/td><td>Science de la vie et de la Terre<\/td><td>Environnement, socio-foncier, d\u00e9veloppement durable, gestion durable des ressources naturelles<\/td><td>Universit\u00e9 de Toamasina \u2013 Madagascar<\/td><\/tr><tr><td>Prof. RALANDISON St\u00e9phane<\/td><td>M\u00e9decine humaine<\/td><td>M\u00e9decine g\u00e9n\u00e9rale, m\u00e9decine interne, rhumatologie<\/td><td>Universit\u00e9 de Toamasina \u2013 Madagascar<\/td><\/tr><tr><td>Prof. FROMARD Fran\u00e7ois<\/td><td>Science de la vie et de la Terre<\/td><td>Mangrove, espaces littoraux, v\u00e9g\u00e9tation<\/td><td>Anciennement ECOLAB \/ CNRS \u2013Universit\u00e9 de Toulouse III &#8211; France<\/td><\/tr><tr><td>Prof. RATSIMBAZAFY Jonah<\/td><td>Science de la vie et de la terre<\/td><td>Primatologie, conservation, environnement et d\u00e9veloppement, biologie animale<\/td><td>Houston Zoo Madagascar Programs \u2013 IUCN\/SSC Primate Specialist Group, African Academy of Sciences (AAS)<\/td><\/tr><tr><td>Prof. Rajaonanahary Toky<\/td><td>M\u00e9decine humaine<\/td><td>Chirurgie vasculaire<\/td><td>Universit\u00e9 de Toamasina \u2013 Madagascar<\/td><\/tr><tr><td>Prof. RAMANAKIERANA Heriniaina<\/td><td>Science de la Vie et de la Terre<\/td><td>Microbiologie de l\u2019environnement, <em>\u00e9cologie microbienne du sol et symbioses racinaires<\/em><\/td><td>Centre National de Recherche sur l\u2019Environnement \u2013 Antananarivo Madagascar<\/td><\/tr><tr><td>Dr RAHARINJANAHARY Rindra<\/td><td>G\u00e9ographie<\/td><td>G\u00e9ographie humaine, urbanisme, am\u00e9nagement d\u2019une ville, espaces urbains, d\u00e9chets urbains<\/td><td>Universit\u00e9 d\u2019Antananarivo \u2013 Madagascar<\/td><\/tr><tr><td>Dr ILTIS Jacques<\/td><td>G\u00e9ographie<\/td><td>Mangrove, espaces littoraux, biog\u00e9ographie, \u00e9conomie littorale<\/td><td>Anciennement IRD Madagascar \u2013 France<\/td><\/tr><tr><td>Dr DJESTERA Andriamasy Angelo<\/td><td>Economie<\/td><td>Macro\u00e9conomie, \u00e9conomie internationale, \u00e9conomie de l\u2019\u00e9ducation<\/td><td>Universit\u00e9 de Toamasina \u2013 Madagascar<\/td><\/tr><tr><td>Dr FENO Caroline<\/td><td>Lettres et Sciences humaines<\/td><td>Langue et civilisation fran\u00e7aises<\/td><td>Universit\u00e9 de Toamasina \u2013 Madagascar<\/td><\/tr><tr><td>Dr KASY Emile<\/td><td>Gestion et Economie<\/td><td>Economie du d\u00e9veloppement, Economie de la sant\u00e9, Economie internationale, Politique publique, lutte contre la pauvret\u00e9 et d\u00e9veloppement durable<\/td><td>Universit\u00e9 de Toamasina \u2013 Madagascar<\/td><\/tr><tr><td>Dr SALONE Jean-Jacques<\/td><td>Math\u00e9matiques et informatique<\/td><td>Didactiques des math\u00e9matiques, mod\u00e9lisation des syst\u00e8mes complexes<\/td><td>Centre Universitaire de Formation et de Recherche (Laboratoire: IMAG \u2013 DEMa), Mayotte<\/td><\/tr><tr><td>Dr OUNI Habib<\/td><td>Economie<\/td><td>Finance internationale, gestion financi\u00e8re, macro\u00e9conomie, micro\u00e9conomie, statistiques appliqu\u00e9es en business, syst\u00e8mes bancaire et mon\u00e9taire<\/td><td>Business Division &#8211; High College of Technology &#8211; Al Ain Women Campus \u2013 Emirats Arabes Unis<\/td><\/tr><\/tbody><\/table><\/figure>\n","protected":false},"excerpt":{"rendered":"<p>NOM DOMAINE DE RECHERCHE SPECIALITE RATTACHEMENT INSTITUTIONNEL Prof. RAKOTOMAVO Andriamparany Science de la Vie et de la Terre Mangrove, for\u00eat littorale, eaux et for\u00eats, agroforesterie, \u00e9tude d\u2019impact environnemental, d\u00e9veloppement rural, foresterie paysanne,&#46;&#46;&#46;<\/p>\n","protected":false},"author":1,"featured_media":0,"parent":0,"menu_order":0,"comment_status":"closed","ping_status":"closed","template":"","meta":{"footnotes":""},"class_list":["post-19","page","type-page","status-publish","hentry"],"_links":{"self":[{"href":"https:\/\/www.revut-univ-toamasina.com\/index.php?rest_route=\/wp\/v2\/pages\/19","targetHints":{"allow":["GET"]}}],"collection":[{"href":"https:\/\/www.revut-univ-toamasina.com\/index.php?rest_route=\/wp\/v2\/pages"}],"about":[{"href":"https:\/\/www.revut-univ-toamasina.com\/index.php?rest_route=\/wp\/v2\/types\/page"}],"author":[{"embeddable":true,"href":"https:\/\/www.revut-univ-toamasina.com\/index.php?rest_route=\/wp\/v2\/users\/1"}],"replies":[{"embeddable":true,"href":"https:\/\/www.revut-univ-toamasina.com\/index.php?rest_route=%2Fwp%2Fv2%2Fcomments&post=19"}],"version-history":[{"count":2,"href":"https:\/\/www.revut-univ-toamasina.com\/index.php?rest_route=\/wp\/v2\/pages\/19\/revisions"}],"predecessor-version":[{"id":76,"href":"https:\/\/www.revut-univ-toamasina.com\/index.php?rest_route=\/wp\/v2\/pages\/19\/revisions\/76"}],"wp:attachment":[{"href":"https:\/\/www.revut-univ-toamasina.com\/index.php?rest_route=%2Fwp%2Fv2%2Fmedia&parent=19"}],"curies":[{"name":"wp","href":"https:\/\/api.w.org\/{rel}","templated":true}]}}