{"id":18,"date":"2024-07-27T08:57:17","date_gmt":"2024-07-27T08:57:17","guid":{"rendered":"https:\/\/www.revut-univ-toamasina.com\/?page_id=18"},"modified":"2024-07-29T08:25:19","modified_gmt":"2024-07-29T08:25:19","slug":"politique-editoriale","status":"publish","type":"page","link":"https:\/\/www.revut-univ-toamasina.com\/?page_id=18","title":{"rendered":"Politique \u00e9ditoriale"},"content":{"rendered":"\n<h1 class=\"wp-block-heading\">1.&nbsp;&nbsp; Port\u00e9e et finalit\u00e9 de REVUT<\/h1>\n\n\n\n<p>REVUT ou \u00ab&nbsp;<strong>R<\/strong>\u00e9sultat <strong>E<\/strong>t <strong>V<\/strong>isibilit\u00e9 de l\u2019<strong>U<\/strong>niversit\u00e9 de <strong>T<\/strong>oamasina&nbsp;\u00bb est un journal scientifique \u00e0 comit\u00e9 de lecture \u00e9dit\u00e9 1-2 fois par an par l\u2019Universit\u00e9 de Toamasina <em>via<\/em> son D\u00e9partement \u00ab&nbsp;Coordination de la Revue et du Conseil des Professeurs&nbsp;\u00bb. La revue publie, soit en fran\u00e7ais (avec r\u00e9sum\u00e9 en anglais), soit en anglais (avec r\u00e9sum\u00e9 en fran\u00e7ais), les r\u00e9sultats de recherche originaux ax\u00e9s sur les domaines, th\u00e9matiques et th\u00e8mes (non exhaustifs) ci-apr\u00e8s:<\/p>\n\n\n\n<ul class=\"wp-block-list\">\n<li>MEDECINE HUMAINE&nbsp;: Sant\u00e9 publique, Epid\u00e9miologie, Chirurgie, M\u00e9decine hospitali\u00e8re, \u2026<\/li>\n\n\n\n<li>LETTRES ET SCIENCES HUMAINES&nbsp;: Anthropologie, Litt\u00e9rature, Histoire, G\u00e9ographie, Langues et civilisations, \u2026<\/li>\n\n\n\n<li>SCIENCES DE LA VIE ET DE TERRE&nbsp;: Biodiversit\u00e9, Environnement et D\u00e9veloppement Durable, Conservation, \u2026<\/li>\n\n\n\n<li>SCIENCES ET TECHNOLOGIE&nbsp;: Informatique, Techniques de l\u2019information, Math\u00e9matiques appliqu\u00e9es, Agro-management, Agro-business, \u2026<\/li>\n\n\n\n<li>DROIT, GESTION ET ECONOMIE&nbsp;: Marketing, Macro\u00e9conomie, Micro\u00e9conomie, Comptabilit\u00e9, Droit constitutionnel, Diplomatie internationale, Economie internationale, \u2026<\/li>\n<\/ul>\n\n\n\n<p>Les manuscrits publi\u00e9s par REVUT ont pour finalit\u00e9 de contribuer \u00e0 l\u2019am\u00e9lioration des connaissances scientifiques, en les rendant visibles, accessibles et employables en mati\u00e8re de d\u00e9veloppement durable. Les manuscrits parus <em>in<\/em> REVUT doivent ainsi montrer, soit dans la partie discussion et\/ou recommandation de ceux-ci, soit dans la conclusion (ou les deux), l\u2019int\u00e9r\u00eat de la recherche men\u00e9e en mati\u00e8re de d\u00e9veloppement.<\/p>\n\n\n\n<h1 class=\"wp-block-heading\">2.&nbsp;&nbsp; Publics cibles de REVUT<\/h1>\n\n\n\n<p>Les auteurs-et lecteurs cibles du journal sont les enseignants chercheurs, les chercheurs enseignants, les doctorants, les chercheurs pr\u00e9parant leur titre ou dipl\u00f4me de professorat (Habilitation \u00e0 Diriger des Recherches, Agr\u00e9gation), les professionnels de la Recherche-Action, ainsi que les organismes d\u2019enseignement et\/ou de recherche scientifique.<\/p>\n\n\n<div class=\"wp-block-image\">\n<figure class=\"aligncenter size-full is-resized\"><a href=\"https:\/\/www.revut-univ-toamasina.com\/actes\/POLITIQUE EDITORIALE FINALE.pdf\" target=\"_blank\" rel=\"noreferrer noopener\"><img loading=\"lazy\" decoding=\"async\" width=\"500\" height=\"500\" src=\"https:\/\/www.revut-univ-toamasina.com\/wp-content\/uploads\/2024\/07\/Revut-1-1.gif\" alt=\"\" class=\"wp-image-111\" style=\"width:228px;height:auto\"\/><\/a><\/figure>\n<\/div>","protected":false},"excerpt":{"rendered":"<p>1.&nbsp;&nbsp; Port\u00e9e et finalit\u00e9 de REVUT REVUT ou \u00ab&nbsp;R\u00e9sultat Et Visibilit\u00e9 de l\u2019Universit\u00e9 de Toamasina&nbsp;\u00bb est un journal scientifique \u00e0 comit\u00e9 de lecture \u00e9dit\u00e9 1-2 fois par an par l\u2019Universit\u00e9 de Toamasina&#46;&#46;&#46;<\/p>\n","protected":false},"author":1,"featured_media":0,"parent":0,"menu_order":0,"comment_status":"closed","ping_status":"closed","template":"","meta":{"footnotes":""},"class_list":["post-18","page","type-page","status-publish","hentry"],"_links":{"self":[{"href":"https:\/\/www.revut-univ-toamasina.com\/index.php?rest_route=\/wp\/v2\/pages\/18","targetHints":{"allow":["GET"]}}],"collection":[{"href":"https:\/\/www.revut-univ-toamasina.com\/index.php?rest_route=\/wp\/v2\/pages"}],"about":[{"href":"https:\/\/www.revut-univ-toamasina.com\/index.php?rest_route=\/wp\/v2\/types\/page"}],"author":[{"embeddable":true,"href":"https:\/\/www.revut-univ-toamasina.com\/index.php?rest_route=\/wp\/v2\/users\/1"}],"replies":[{"embeddable":true,"href":"https:\/\/www.revut-univ-toamasina.com\/index.php?rest_route=%2Fwp%2Fv2%2Fcomments&post=18"}],"version-history":[{"count":8,"href":"https:\/\/www.revut-univ-toamasina.com\/index.php?rest_route=\/wp\/v2\/pages\/18\/revisions"}],"predecessor-version":[{"id":115,"href":"https:\/\/www.revut-univ-toamasina.com\/index.php?rest_route=\/wp\/v2\/pages\/18\/revisions\/115"}],"wp:attachment":[{"href":"https:\/\/www.revut-univ-toamasina.com\/index.php?rest_route=%2Fwp%2Fv2%2Fmedia&parent=18"}],"curies":[{"name":"wp","href":"https:\/\/api.w.org\/{rel}","templated":true}]}}