{"id":133,"date":"2024-08-06T08:04:12","date_gmt":"2024-08-06T08:04:12","guid":{"rendered":"https:\/\/www.revut-univ-toamasina.com\/?page_id=133"},"modified":"2024-08-06T08:43:17","modified_gmt":"2024-08-06T08:43:17","slug":"rsj-edition-special-covid","status":"publish","type":"page","link":"https:\/\/www.revut-univ-toamasina.com\/?page_id=133","title":{"rendered":"RSJ : Edition sp\u00e9cial COVID"},"content":{"rendered":"\n<p><strong>Sommaire<\/strong><\/p>\n\n\n\n<p>A look at Covid-19 around the world and in Madagascar (Rakotomavo)<\/p>\n\n\n\n<p>Histoire des maladies dans le Sud Global : le\u00e7ons apprises pour la Covid-19 (Corral-Broto &amp; Rakotomavo)<\/p>\n\n\n\n<p>Impacts socio-\u00e9conomiques du coronavirus chez les personnes vuln\u00e9rables du Fokontany d\u2019Analakininina Toamasina (Solofoniaina et al.)<br>Covid-19 : enjeux de la continuit\u00e9 p\u00e9dagogique dans les \u00e9tablissements fran\u00e7ais \u00e0 Madagascar (Djistera &amp; L\u2019H\u00f4te)<\/p>\n\n\n\n<p>Mesures budg\u00e9taires pour assurer la r\u00e9silience \u00e9conomique de Madagascar face \u00e0 la Covid-19 (Mora et al.)<\/p>\n\n\n\n<p>Potentialit\u00e9s de l\u2019a\u00e9rodiffusion de plantes aromatiques de Madagascar<\/p>\n\n\n\n<p>contre la Covid-19 (Razafiarimanga et al.)<\/p>\n\n\n\n<p>Premi\u00e8res aper\u00e7ues de l\u2019\u00e9volution de la Covid-19 \u00e0 Madagascar : approche quantitative (Andrianarimisa)<\/p>\n\n\n\n<h1 class=\"wp-block-heading\"><a href=\"https:\/\/www.revut-univ-toamasina.com\/actes\/Cover page Edition speciale Covid_19_bis_online_fin.pdf\" target=\"_blank\" rel=\"noreferrer noopener\">T\u00e9l\u00e9charger&#8230;<\/a><\/h1>\n\n\n\n<h2 class=\"wp-block-heading\">RSJ : Edition sp\u00e9cial COVID Volume 2<\/h2>\n\n\n\n<p><strong>De la recherche \u00e0 la vulgarisation<br>Sommaire<\/strong><\/p>\n\n\n\n<p>Covid-19 et ambigu\u00eft\u00e9s autour des termes franco-malagasy devenus populaires \u00e0 Madagascar \u2013 EDITORIAL<\/p>\n\n\n\n<p>Spirulina culture trial for better resilience to COVID-19 in Toamasina<\/p>\n\n\n\n<p>Libert\u00e9s publiques \u00e0 l\u2019\u00e9preuve du confinement et de la pand\u00e9mie de Covid-19<\/p>\n\n\n\n<p>Pauvret\u00e9 et Covid -19 : vers la n\u00e9cessit\u00e9 d\u2019une refonte de la vie \u00e9conomique malgache<\/p>\n\n\n\n<p>Acculturation harmonieuse, indispensable \u00e0 la lutte contre la Covid-19 \u00e0 Madagascar<\/p>\n\n\n\n<p>Impacts socio\u00e9conomiques de la Covid-19 dans la ville de F\u00e9n\u00e9rive-Est<br><\/p>\n\n\n\n<p>Etat d\u2019urgence sanitaire et sacrifices des libert\u00e9s individuelles \u00e0 Madagascar<br><\/p>\n\n\n\n<p>Chasser la crainte de la mort face \u00e0 la Covid-19 : approches philosophiques<br><br>Evaluation de la vulgarisation des recherches et Sensibilisation face \u00e0 la Covid-19<\/p>\n\n\n\n<p>Comment vulgariser les activit\u00e9s de recherche face \u00e0 la propagation de la Covid-19 ?<\/p>\n\n\n\n<h1 class=\"wp-block-heading\"><a href=\"https:\/\/www.revut-univ-toamasina.com\/actes\/Volume_2_a_\u00e9dition sp\u00e9ciale Covid-19.pdf\" target=\"_blank\" rel=\"noreferrer noopener\">T\u00e9l\u00e9charger&#8230;<\/a><\/h1>\n","protected":false},"excerpt":{"rendered":"<p>Sommaire A look at Covid-19 around the world and in Madagascar (Rakotomavo) Histoire des maladies dans le Sud Global : le\u00e7ons apprises pour la Covid-19 (Corral-Broto &amp; Rakotomavo) Impacts socio-\u00e9conomiques du coronavirus&#46;&#46;&#46;<\/p>\n","protected":false},"author":1,"featured_media":0,"parent":0,"menu_order":0,"comment_status":"closed","ping_status":"closed","template":"","meta":{"footnotes":""},"class_list":["post-133","page","type-page","status-publish","hentry"],"_links":{"self":[{"href":"https:\/\/www.revut-univ-toamasina.com\/index.php?rest_route=\/wp\/v2\/pages\/133","targetHints":{"allow":["GET"]}}],"collection":[{"href":"https:\/\/www.revut-univ-toamasina.com\/index.php?rest_route=\/wp\/v2\/pages"}],"about":[{"href":"https:\/\/www.revut-univ-toamasina.com\/index.php?rest_route=\/wp\/v2\/types\/page"}],"author":[{"embeddable":true,"href":"https:\/\/www.revut-univ-toamasina.com\/index.php?rest_route=\/wp\/v2\/users\/1"}],"replies":[{"embeddable":true,"href":"https:\/\/www.revut-univ-toamasina.com\/index.php?rest_route=%2Fwp%2Fv2%2Fcomments&post=133"}],"version-history":[{"count":3,"href":"https:\/\/www.revut-univ-toamasina.com\/index.php?rest_route=\/wp\/v2\/pages\/133\/revisions"}],"predecessor-version":[{"id":135,"href":"https:\/\/www.revut-univ-toamasina.com\/index.php?rest_route=\/wp\/v2\/pages\/133\/revisions\/135"}],"wp:attachment":[{"href":"https:\/\/www.revut-univ-toamasina.com\/index.php?rest_route=%2Fwp%2Fv2%2Fmedia&parent=133"}],"curies":[{"name":"wp","href":"https:\/\/api.w.org\/{rel}","templated":true}]}}