{"id":125,"date":"2024-08-05T13:04:48","date_gmt":"2024-08-05T13:04:48","guid":{"rendered":"https:\/\/www.revut-univ-toamasina.com\/?page_id=125"},"modified":"2024-08-05T13:06:40","modified_gmt":"2024-08-05T13:06:40","slug":"programme-des-conferences-pour-2024","status":"publish","type":"page","link":"https:\/\/www.revut-univ-toamasina.com\/?page_id=125","title":{"rendered":"Programme des Conf\u00e9rences pour 2024"},"content":{"rendered":"\n<figure class=\"wp-block-table\"><table class=\"has-fixed-layout\"><tbody><tr><td><strong>DATE &amp; HEURE &amp; LIEU<\/strong><\/td><td><strong>INTITULE DE LA CONFERENCE<\/strong><\/td><td><strong>CONFERENCIER<\/strong><\/td><\/tr><tr><td><strong>Vendredi<\/strong><strong> <\/strong><strong>3<\/strong><strong> Mai<\/strong><strong> 2024 \u00e0 14h30 \u2013 Salle 4 DEGMIA<\/strong><\/td><td><strong><em>Pandanus<\/em><\/strong><strong> (Fandragna, Vakoana) : une plante aux multiples potentialit\u00e9s pour le d\u00e9veloppement durable <\/strong><strong>dans l&rsquo;ex-Province de Toamasina<\/strong><strong><\/strong><\/td><td><strong>Dr RAKOTONIRINA<\/strong><em> <\/em><strong>Ars\u00e8ne Giovanni,<\/strong><strong> <\/strong><em>Enseignant Chercheur \u00e0 l\u2019ISSEDD &#8211; Universit\u00e9 de Toamasina<\/em><\/td><\/tr><tr><td><strong>Vendredi <\/strong><strong>7<\/strong><strong> Juin<\/strong><strong> 2024 \u00e0 14h30 \u2013 Salle 4 DEGMIA<\/strong><\/td><td><strong>Les d\u00e9fis du syst\u00e8me de sant\u00e9 dans les pays en d\u00e9veloppement<\/strong><strong><\/strong><\/td><td><strong>Prof. EMILE<\/strong>, <em>Enseignant Chercheur \u00e0 la Facult\u00e9 DEG &#8211; Universit\u00e9 de Toamasina<\/em><\/td><\/tr><tr><td><strong>Vendredi 5 Juillet 2024 \u00e0 14h30 \u2013 Salle 4 DEGMIA<\/strong><\/td><td><strong>Investissement dans la connaissance et croissance \u00e9conomique<\/strong><strong>s<\/strong><strong><\/strong><\/td><td><strong>Prof. DJISTERA Angelo<\/strong>, <em>Enseignant Chercheur \u00e0 la Facult\u00e9 DEG &#8211; Universit\u00e9 de Toamasina<\/em><\/td><\/tr><tr><td><strong>Vendredi<\/strong><strong> <\/strong><strong>2 <\/strong><strong>Ao\u00fbt<\/strong><strong> 2024 \u00e0 14h30 \u2013 Salle 4 DEGMIA<\/strong><\/td><td><strong>Filles et Femmes de Sciences de l&rsquo;Universit\u00e9 de Toamasina<\/strong><\/td><td><strong>Dr RAZANAJAZA Polinah<\/strong>, <em>Enseignant Chercheur \u00e0 l\u2019ISSEDD &#8211; Universit\u00e9 de Toamasina<\/em> (<em>Co-auteurs&nbsp;: <\/em>Rakotomavo, A., Zafiarisoa, P., Coudidi, V., Razafindrozety, M. &amp; Ratsirofoniaina, Z.)<\/td><\/tr><tr><td><strong>Vendredi <\/strong><strong>6<\/strong><strong> <\/strong>Septembre <strong>2024 \u00e0 14h30 \u2013 Salle 4 DEGMIA<\/strong><\/td><td><strong>Mod\u00e9lisation de la croissance allom\u00e9trique du poulet de la race locale sur la c\u00f4te-est de Madagascar. Cas du District de F\u00e9n\u00e9rive-Est<\/strong><strong><\/strong><\/td><td><strong>Dr SENDRA-MAMPIONONA Rantenaina Ursule,<\/strong><em> <\/em><em>Enseignant Chercheur \u00e0 <\/em><em>l&rsquo;ISTRCE F\u00e9n\u00e9rive-Est \u2013 Universit\u00e9 de Toamasina<\/em> (<em>Co-auteurs&nbsp;: <\/em>BEZARA, M. &amp; RANDRIANARIVELOSEHENO A.J.)<\/td><\/tr><tr><td><strong>Vendredi <\/strong><strong>4 <\/strong><strong>Octobre<\/strong><strong> <\/strong><strong>2024 \u00e0 14h30 \u2013 Salle 4 DEGMIA<\/strong><\/td><td><strong>Le r\u00f4le de la femme et de la science vers une conservation inclusive et durable<\/strong><strong><\/strong><\/td><td><strong>Dr RASOMA Rahantavololona Vonimanitra Juliana<\/strong>, <em>Enseignant Chercheur \u00e0 l\u2019ISSEDD &#8211; Universit\u00e9 de Toamasina<\/em><\/td><\/tr><tr><td><strong>Vendredi <\/strong><strong>8 <\/strong><strong>Novembre<\/strong><strong> <\/strong><strong>2024 \u00e0 14h30 \u2013 Salle 4 DEGMIA<\/strong><\/td><td><strong>L&rsquo;enjeu de l&rsquo;eau sur le d\u00e9veloppement d&rsquo;une ville. Cas de la ville de Toamasina, Madagascar<\/strong><strong><\/strong><\/td><td><strong>Dr TSIRAHAMBA Sylvestre<\/strong>, <em>Enseignant Chercheur \u00e0 la FLSH &#8211; Universit\u00e9 de Toamasina<\/em> (<em>Co-auteurs&nbsp;: <\/em>BOTOZANDRY, A.J.R., LALAHY TADIDY, F. &amp; BARAKA, D.)<\/td><\/tr><tr><td><strong>Vendredi <\/strong><strong>6 <\/strong><strong>D\u00e9cembre<\/strong><strong> 2024 \u00e0 14h30 \u2013 Salle 4 DEGMIA<\/strong><\/td><td><strong>L\u2019augmentation de l\u2019effort et diminution de production de la petite p\u00eache&nbsp;: un facteur bloquant au d\u00e9veloppement socio-\u00e9conomique et \u00e9cologique<\/strong><strong><\/strong><\/td><td><strong>Dr RASOLONTIAVINA Nadi\u00e9e<\/strong>, <em>Enseignant Chercheur \u00e0 l\u2019ISSEDD &#8211; Universit\u00e9 de Toamasina<\/em> (<em>Co-auteurs&nbsp;: <\/em>RAKOTOMAVO, A., RANDRIANANDRASANA, D.J.P., RANDRIAMAMPIASA, C., RAZAFINDRAVELO, A.C. &amp; SOAMIRAY, E.L.)<\/td><\/tr><\/tbody><\/table><\/figure>\n","protected":false},"excerpt":{"rendered":"<p>DATE &amp; HEURE &amp; LIEU INTITULE DE LA CONFERENCE CONFERENCIER Vendredi 3 Mai 2024 \u00e0 14h30 \u2013 Salle 4 DEGMIA Pandanus (Fandragna, Vakoana) : une plante aux multiples potentialit\u00e9s pour le d\u00e9veloppement&#46;&#46;&#46;<\/p>\n","protected":false},"author":1,"featured_media":0,"parent":0,"menu_order":0,"comment_status":"closed","ping_status":"closed","template":"","meta":{"footnotes":""},"class_list":["post-125","page","type-page","status-publish","hentry"],"_links":{"self":[{"href":"https:\/\/www.revut-univ-toamasina.com\/index.php?rest_route=\/wp\/v2\/pages\/125","targetHints":{"allow":["GET"]}}],"collection":[{"href":"https:\/\/www.revut-univ-toamasina.com\/index.php?rest_route=\/wp\/v2\/pages"}],"about":[{"href":"https:\/\/www.revut-univ-toamasina.com\/index.php?rest_route=\/wp\/v2\/types\/page"}],"author":[{"embeddable":true,"href":"https:\/\/www.revut-univ-toamasina.com\/index.php?rest_route=\/wp\/v2\/users\/1"}],"replies":[{"embeddable":true,"href":"https:\/\/www.revut-univ-toamasina.com\/index.php?rest_route=%2Fwp%2Fv2%2Fcomments&post=125"}],"version-history":[{"count":1,"href":"https:\/\/www.revut-univ-toamasina.com\/index.php?rest_route=\/wp\/v2\/pages\/125\/revisions"}],"predecessor-version":[{"id":126,"href":"https:\/\/www.revut-univ-toamasina.com\/index.php?rest_route=\/wp\/v2\/pages\/125\/revisions\/126"}],"wp:attachment":[{"href":"https:\/\/www.revut-univ-toamasina.com\/index.php?rest_route=%2Fwp%2Fv2%2Fmedia&parent=125"}],"curies":[{"name":"wp","href":"https:\/\/api.w.org\/{rel}","templated":true}]}}